{"id":857,"date":"2025-01-20T17:50:47","date_gmt":"2025-01-20T16:50:47","guid":{"rendered":"https:\/\/scgarden.epsigconsultores.com\/?page_id=857"},"modified":"2025-02-12T12:44:05","modified_gmt":"2025-02-12T11:44:05","slug":"contacto","status":"publish","type":"page","link":"https:\/\/scgardenprojects.es\/en\/contacto\/","title":{"rendered":"Contact"},"content":{"rendered":"<div data-elementor-type=\"wp-page\" data-elementor-id=\"857\" class=\"elementor elementor-857\">\n\t\t\t\t<div class=\"elementor-element elementor-element-4c6e0ea e-flex e-con-boxed e-con e-parent\" data-id=\"4c6e0ea\" data-element_type=\"container\">\n\t\t\t\t\t<div class=\"e-con-inner\">\n\t\t\t\t<div class=\"elementor-element elementor-element-d024ee1 contact-bg elementor-widget elementor-widget-shortcode\" data-id=\"d024ee1\" data-element_type=\"widget\" data-widget_type=\"shortcode.default\">\n\t\t\t\t<div class=\"elementor-widget-container\">\n\t\t\t\t\t\t\t<div class=\"elementor-shortcode\"><div class=\"wpforms-container wpforms-container-full wpforms-render-modern\" id=\"wpforms-852\"><form id=\"wpforms-form-852\" class=\"wpforms-validate wpforms-form wpforms-ajax-form\" data-formid=\"852\" method=\"post\" enctype=\"multipart\/form-data\" action=\"\/en\/wp-json\/wp\/v2\/pages\/857\" data-token=\"de35647ca6374dcb48f40f896b136371\" data-token-time=\"1775550827\" data-trp-original-action=\"\/en\/wp-json\/wp\/v2\/pages\/857\"><noscript class=\"wpforms-error-noscript\">Please enable JavaScript in your browser to complete this form.<\/noscript><div class=\"wpforms-hidden\" id=\"wpforms-error-noscript\">Please enable JavaScript in your browser to complete this form.<\/div><div class=\"wpforms-field-container\"><div id=\"wpforms-852-field_2-container\" class=\"wpforms-field wpforms-field-name\" data-field-id=\"2\"><fieldset><legend class=\"wpforms-field-label\">Name <span class=\"wpforms-required-label\" aria-hidden=\"true\">*<\/span><\/legend><div class=\"wpforms-field-row wpforms-field-medium\"><div class=\"wpforms-field-row-block wpforms-first wpforms-one-half\"><input type=\"text\" id=\"wpforms-852-field_2\" class=\"wpforms-field-name-first wpforms-field-required\" name=\"wpforms[fields][2][first]\" aria-errormessage=\"wpforms-852-field_2-error\" required><label for=\"wpforms-852-field_2\" class=\"wpforms-field-sublabel after\">First<\/label><\/div><div class=\"wpforms-field-row-block wpforms-one-half\"><input type=\"text\" id=\"wpforms-852-field_2-last\" class=\"wpforms-field-name-last wpforms-field-required\" name=\"wpforms[fields][2][last]\" aria-errormessage=\"wpforms-852-field_2-last-error\" required><label for=\"wpforms-852-field_2-last\" class=\"wpforms-field-sublabel after\">Last<\/label><\/div><\/div><\/fieldset><\/div><div id=\"wpforms-852-field_3-container\" class=\"wpforms-field wpforms-field-email\" data-field-id=\"3\"><label class=\"wpforms-field-label\" for=\"wpforms-852-field_3\">Mail <span class=\"wpforms-required-label\" aria-hidden=\"true\">*<\/span><\/label><input type=\"email\" id=\"wpforms-852-field_3\" class=\"wpforms-field-medium wpforms-field-required\" name=\"wpforms[fields][3]\" spellcheck=\"false\" aria-errormessage=\"wpforms-852-field_3-error\" required><\/div><div id=\"wpforms-852-field_4-container\" class=\"wpforms-field wpforms-field-textarea\" data-field-id=\"4\"><label class=\"wpforms-field-label\" for=\"wpforms-852-field_4\">Contact message <span class=\"wpforms-required-label\" aria-hidden=\"true\">*<\/span><\/label><textarea id=\"wpforms-852-field_4\" class=\"wpforms-field-medium wpforms-field-required\" name=\"wpforms[fields][4]\" aria-errormessage=\"wpforms-852-field_4-error\" required><\/textarea><\/div><div id=\"wpforms-852-field_5-container\" class=\"wpforms-field wpforms-field-checkbox\" data-field-id=\"5\"><fieldset><legend class=\"wpforms-field-label\">Accept policy <span class=\"wpforms-required-label\" aria-hidden=\"true\">*<\/span><\/legend><ul id=\"wpforms-852-field_5\" class=\"wpforms-field-required\"><li class=\"choice-3 depth-1\"><input type=\"checkbox\" id=\"wpforms-852-field_5_3\" name=\"wpforms[fields][5][]\" value=\"He leido y acepto el consentimiento y la politica de privacidad\" aria-errormessage=\"wpforms-852-field_5_3-error\" required><label class=\"wpforms-field-label-inline\" for=\"wpforms-852-field_5_3\">I have read and accept the consent and privacy policy.<\/label><\/li><\/ul><\/fieldset><\/div><\/div><!-- .wpforms-field-container --><div class=\"wpforms-submit-container\" ><input type=\"hidden\" name=\"wpforms[id]\" value=\"852\"><input type=\"hidden\" name=\"page_title\" value=\"\"><input type=\"hidden\" name=\"page_url\" value=\"https:\/\/scgardenprojects.es\/en\/wp-json\/wp\/v2\/pages\/857\"><button type=\"submit\" name=\"wpforms[submit]\" id=\"wpforms-submit-852\" class=\"wpforms-submit\" data-alt-text=\"Enviando...\" data-submit-text=\"Enviar\" aria-live=\"assertive\" value=\"wpforms-submit\">Send<\/button><img decoding=\"async\" src=\"https:\/\/scgardenprojects.es\/wp-content\/plugins\/wpforms-lite\/assets\/images\/submit-spin.svg\" class=\"wpforms-submit-spinner\" style=\"display: none;\" width=\"26\" height=\"26\" alt=\"Loading\"><\/div><input type=\"hidden\" name=\"trp-form-language\" value=\"en\"\/><\/form><\/div>  <!-- .wpforms-container --><\/div>\n\t\t\t\t\t\t<\/div>\n\t\t\t\t<\/div>\n\t\t\t\t\t<\/div>\n\t\t\t\t<\/div>\n\t\t\t\t<\/div>","protected":false},"excerpt":{"rendered":"","protected":false},"author":1,"featured_media":0,"parent":0,"menu_order":0,"comment_status":"closed","ping_status":"closed","template":"","meta":{"_uag_custom_page_level_css":"","_swt_meta_header_display":false,"_swt_meta_footer_display":false,"_swt_meta_site_title_display":false,"_swt_meta_sticky_header":true,"_swt_meta_transparent_header":false,"footnotes":""},"class_list":["post-857","page","type-page","status-publish","hentry"],"yoast_head":"<!-- This site is optimized with the Yoast SEO plugin v24.3 - https:\/\/yoast.com\/wordpress\/plugins\/seo\/ -->\n<title>Contacto - SC GARDEN PROJECTS<\/title>\n<meta name=\"description\" content=\"Usa el formulario de contacto para explicarnos tus dudas y que as\u00ed podamos responderte lo mas r\u00e1pido posible.\" \/>\n<meta name=\"robots\" content=\"index, follow, max-snippet:-1, max-image-preview:large, max-video-preview:-1\" \/>\n<link rel=\"canonical\" href=\"https:\/\/scgardenprojects.es\/en\/contacto\/\" \/>\n<meta property=\"og:locale\" content=\"en_GB\" \/>\n<meta property=\"og:type\" content=\"article\" \/>\n<meta property=\"og:title\" content=\"Contacto - SC GARDEN PROJECTS\" \/>\n<meta property=\"og:description\" content=\"Usa el formulario de contacto para explicarnos tus dudas y que as\u00ed podamos responderte lo mas r\u00e1pido posible.\" \/>\n<meta property=\"og:url\" content=\"https:\/\/scgardenprojects.es\/en\/contacto\/\" \/>\n<meta property=\"og:site_name\" content=\"SC GARDEN PROJECTS\" \/>\n<meta property=\"article:modified_time\" content=\"2025-02-12T11:44:05+00:00\" \/>\n<meta name=\"twitter:card\" content=\"summary_large_image\" \/>\n<meta name=\"twitter:label1\" content=\"Est. reading time\" \/>\n\t<meta name=\"twitter:data1\" content=\"1 minute\" \/>\n<script type=\"application\/ld+json\" class=\"yoast-schema-graph\">{\"@context\":\"https:\/\/schema.org\",\"@graph\":[{\"@type\":\"WebPage\",\"@id\":\"https:\/\/scgardenprojects.es\/contacto\/\",\"url\":\"https:\/\/scgardenprojects.es\/contacto\/\",\"name\":\"Contacto - SC GARDEN PROJECTS\",\"isPartOf\":{\"@id\":\"https:\/\/scgardenprojects.es\/#website\"},\"datePublished\":\"2025-01-20T16:50:47+00:00\",\"dateModified\":\"2025-02-12T11:44:05+00:00\",\"description\":\"Usa el formulario de contacto para explicarnos tus dudas y que as\u00ed podamos responderte lo mas r\u00e1pido posible.\",\"breadcrumb\":{\"@id\":\"https:\/\/scgardenprojects.es\/contacto\/#breadcrumb\"},\"inLanguage\":\"en-GB\",\"potentialAction\":[{\"@type\":\"ReadAction\",\"target\":[\"https:\/\/scgardenprojects.es\/contacto\/\"]}]},{\"@type\":\"BreadcrumbList\",\"@id\":\"https:\/\/scgardenprojects.es\/contacto\/#breadcrumb\",\"itemListElement\":[{\"@type\":\"ListItem\",\"position\":1,\"name\":\"Portada\",\"item\":\"https:\/\/scgardenprojects.es\/\"},{\"@type\":\"ListItem\",\"position\":2,\"name\":\"Contacto\"}]},{\"@type\":\"WebSite\",\"@id\":\"https:\/\/scgardenprojects.es\/#website\",\"url\":\"https:\/\/scgardenprojects.es\/\",\"name\":\"SC GARDEN PROJECTS\",\"description\":\"Dise\u00f1o y construcci\u00f3n de jardines exclusivos, fusionando experiencia, creatividad y sostenibilidad mediterr\u00e1nea.\",\"publisher\":{\"@id\":\"https:\/\/scgardenprojects.es\/#organization\"},\"potentialAction\":[{\"@type\":\"SearchAction\",\"target\":{\"@type\":\"EntryPoint\",\"urlTemplate\":\"https:\/\/scgardenprojects.es\/?s={search_term_string}\"},\"query-input\":{\"@type\":\"PropertyValueSpecification\",\"valueRequired\":true,\"valueName\":\"search_term_string\"}}],\"inLanguage\":\"en-GB\"},{\"@type\":\"Organization\",\"@id\":\"https:\/\/scgardenprojects.es\/#organization\",\"name\":\"SC GARDEN PROJECTS\",\"url\":\"https:\/\/scgardenprojects.es\/\",\"logo\":{\"@type\":\"ImageObject\",\"inLanguage\":\"en-GB\",\"@id\":\"https:\/\/scgardenprojects.es\/#\/schema\/logo\/image\/\",\"url\":\"https:\/\/scgardenprojects.es\/wp-content\/uploads\/2025\/01\/logo-scgarden.png\",\"contentUrl\":\"https:\/\/scgardenprojects.es\/wp-content\/uploads\/2025\/01\/logo-scgarden.png\",\"width\":1715,\"height\":648,\"caption\":\"SC GARDEN PROJECTS\"},\"image\":{\"@id\":\"https:\/\/scgardenprojects.es\/#\/schema\/logo\/image\/\"}}]}<\/script>\n<!-- \/ Yoast SEO plugin. -->","yoast_head_json":{"title":"Contacto - SC GARDEN PROJECTS","description":"Usa el formulario de contacto para explicarnos tus dudas y que as\u00ed podamos responderte lo mas r\u00e1pido posible.","robots":{"index":"index","follow":"follow","max-snippet":"max-snippet:-1","max-image-preview":"max-image-preview:large","max-video-preview":"max-video-preview:-1"},"canonical":"https:\/\/scgardenprojects.es\/en\/contacto\/","og_locale":"en_GB","og_type":"article","og_title":"Contacto - SC GARDEN PROJECTS","og_description":"Usa el formulario de contacto para explicarnos tus dudas y que as\u00ed podamos responderte lo mas r\u00e1pido posible.","og_url":"https:\/\/scgardenprojects.es\/en\/contacto\/","og_site_name":"SC GARDEN PROJECTS","article_modified_time":"2025-02-12T11:44:05+00:00","twitter_card":"summary_large_image","twitter_misc":{"Est. reading time":"1 minute"},"schema":{"@context":"https:\/\/schema.org","@graph":[{"@type":"WebPage","@id":"https:\/\/scgardenprojects.es\/contacto\/","url":"https:\/\/scgardenprojects.es\/contacto\/","name":"Contacto - SC GARDEN PROJECTS","isPartOf":{"@id":"https:\/\/scgardenprojects.es\/#website"},"datePublished":"2025-01-20T16:50:47+00:00","dateModified":"2025-02-12T11:44:05+00:00","description":"Usa el formulario de contacto para explicarnos tus dudas y que as\u00ed podamos responderte lo mas r\u00e1pido posible.","breadcrumb":{"@id":"https:\/\/scgardenprojects.es\/contacto\/#breadcrumb"},"inLanguage":"en-GB","potentialAction":[{"@type":"ReadAction","target":["https:\/\/scgardenprojects.es\/contacto\/"]}]},{"@type":"BreadcrumbList","@id":"https:\/\/scgardenprojects.es\/contacto\/#breadcrumb","itemListElement":[{"@type":"ListItem","position":1,"name":"Portada","item":"https:\/\/scgardenprojects.es\/"},{"@type":"ListItem","position":2,"name":"Contacto"}]},{"@type":"WebSite","@id":"https:\/\/scgardenprojects.es\/#website","url":"https:\/\/scgardenprojects.es\/","name":"SC GARDEN PROJECTS","description":"Dise\u00f1o y construcci\u00f3n de jardines exclusivos, fusionando experiencia, creatividad y sostenibilidad mediterr\u00e1nea.","publisher":{"@id":"https:\/\/scgardenprojects.es\/#organization"},"potentialAction":[{"@type":"SearchAction","target":{"@type":"EntryPoint","urlTemplate":"https:\/\/scgardenprojects.es\/?s={search_term_string}"},"query-input":{"@type":"PropertyValueSpecification","valueRequired":true,"valueName":"search_term_string"}}],"inLanguage":"en-GB"},{"@type":"Organization","@id":"https:\/\/scgardenprojects.es\/#organization","name":"SC GARDEN PROJECTS","url":"https:\/\/scgardenprojects.es\/","logo":{"@type":"ImageObject","inLanguage":"en-GB","@id":"https:\/\/scgardenprojects.es\/#\/schema\/logo\/image\/","url":"https:\/\/scgardenprojects.es\/wp-content\/uploads\/2025\/01\/logo-scgarden.png","contentUrl":"https:\/\/scgardenprojects.es\/wp-content\/uploads\/2025\/01\/logo-scgarden.png","width":1715,"height":648,"caption":"SC GARDEN PROJECTS"},"image":{"@id":"https:\/\/scgardenprojects.es\/#\/schema\/logo\/image\/"}}]}},"uagb_featured_image_src":{"full":false,"thumbnail":false,"medium":false,"medium_large":false,"large":false,"1536x1536":false,"2048x2048":false,"trp-custom-language-flag":false},"uagb_author_info":{"display_name":"scgarden","author_link":"https:\/\/scgardenprojects.es\/en\/author\/scgarden\/"},"uagb_comment_info":0,"uagb_excerpt":null,"_links":{"self":[{"href":"https:\/\/scgardenprojects.es\/en\/wp-json\/wp\/v2\/pages\/857","targetHints":{"allow":["GET"]}}],"collection":[{"href":"https:\/\/scgardenprojects.es\/en\/wp-json\/wp\/v2\/pages"}],"about":[{"href":"https:\/\/scgardenprojects.es\/en\/wp-json\/wp\/v2\/types\/page"}],"author":[{"embeddable":true,"href":"https:\/\/scgardenprojects.es\/en\/wp-json\/wp\/v2\/users\/1"}],"replies":[{"embeddable":true,"href":"https:\/\/scgardenprojects.es\/en\/wp-json\/wp\/v2\/comments?post=857"}],"version-history":[{"count":23,"href":"https:\/\/scgardenprojects.es\/en\/wp-json\/wp\/v2\/pages\/857\/revisions"}],"predecessor-version":[{"id":990,"href":"https:\/\/scgardenprojects.es\/en\/wp-json\/wp\/v2\/pages\/857\/revisions\/990"}],"wp:attachment":[{"href":"https:\/\/scgardenprojects.es\/en\/wp-json\/wp\/v2\/media?parent=857"}],"curies":[{"name":"wp","href":"https:\/\/api.w.org\/{rel}","templated":true}]}}