{"id":949,"date":"2025-01-31T10:12:57","date_gmt":"2025-01-31T09:12:57","guid":{"rendered":"https:\/\/scgarden.epsigconsultores.com\/?page_id=949"},"modified":"2025-02-19T09:53:24","modified_gmt":"2025-02-19T08:53:24","slug":"politica-de-privacidad","status":"publish","type":"page","link":"https:\/\/scgardenprojects.es\/en\/politica-de-privacidad\/","title":{"rendered":"Privacy policy"},"content":{"rendered":"<p>La presente Pol\u00edtica de Privacidad tiene el objetivo de dar a conocer el modo en que se recaban, tratan y protegen los datos de car\u00e1cter personal que pudieran proporcionarse por los usuarios de este sitio web.<\/p>\n\n\n\n<h2 class=\"wp-block-heading\">Uso y tratamiento de los datos de car\u00e1cter personal<\/h2>\n\n\n\n<p>SC GARDEN PROJECTS recopila y trata datos personales de los usuarios (como nombre, direcci\u00f3n, tel\u00e9fono, direcci\u00f3n de correo electr\u00f3nico y otros similares) para poder prestarle nuestros servicios, facilitarle los productos que solicite de acuerdo a sus gustos y preferencias o mantenerle informado de nuestras novedades.<br>La informaci\u00f3n de car\u00e1cter personal que pudiera proporcionar a trav\u00e9s de la p\u00e1gina web ser\u00e1 incorporada a un fichero titularidad de SC GARDEN PROJECTS<br>Los empleados de SC GARDEN PROJECTS ser\u00e1n los destinatarios de la informaci\u00f3n recogida. Esta compa\u00f1\u00eda no vender\u00e1, ceder\u00e1 ni distribuir\u00e1 la informaci\u00f3n personal que es recopilada sin su consentimiento.<\/p>\n\n\n\n<h2 class=\"wp-block-heading\">Ejercicio de derechos: acceso, rectificaci\u00f3n, cancelaci\u00f3n y oposici\u00f3n<\/h2>\n\n\n\n<p>Los usuarios que hayan facilitado sus datos personales En cualquier momento puede revocar el consentimiento otorgado para el tratamiento de sus datos personales por escrito, a trav\u00e9s del correo electr\u00f3nico info@scgardenprojects.com, remiti\u00e9ndonos una copia de su DNI.<\/p>\n\n\n\n<h2 class=\"wp-block-heading\">Seguridad de su informaci\u00f3n personal<\/h2>\n\n\n\n<p>Utilizamos medidas de seguridad para proteger sus datos personales y evitar su divulgaci\u00f3n no autorizada, uso indebido o alteraci\u00f3n.<br>No obstante, el usuario debe conocer que las medidas de seguridad en internet no son completamente infranqueables y ninguna transmisi\u00f3n en internet es completamente segura o libre de errores, en cuyo caso SC GARDEN PROJECTS no podr\u00e1 hacerse responsable.<\/p>\n\n\n\n<h2 class=\"wp-block-heading\">Enlaces a sitios de terceros<\/h2>\n\n\n\n<p>Este sitio web podr\u00eda contener enlaces a sitios de terceros. Estos sitios cuentan con sus propias pol\u00edticas de privacidad que le instamos a revisar.<\/p>\n\n\n\n<h2 class=\"wp-block-heading\">Menores<\/h2>\n\n\n\n<p>Si alguno de los productos o servicios fuera dirigido a menores de 14 a\u00f1os, SC GARDEN PROJECTS no recopilar\u00e1 datos personales del menor a menos que lo permitan las leyes vigentes y tenga el consentimiento expreso de sus padres o tutores legales.<\/p>\n\n\n\n<h2 class=\"wp-block-heading\">Cambios en la pol\u00edtica de privacidad<\/h2>\n\n\n\n<p>SC GARDEN PROJECTS se reserva el derecho a actualizar o modificar los t\u00e9rminos de su pol\u00edtica de privacidad en cualquier momento y sin previo aviso debido a cambios en la legislaci\u00f3n o a su propio criterio. Las modificaciones se aplicar\u00e1n s\u00f3lo a la informaci\u00f3n recabada despu\u00e9s de su efectiva publicaci\u00f3n.<\/p>\n\n\n\n<h2 class=\"wp-block-heading\">Legislaci\u00f3n aplicable<\/h2>\n\n\n\n<p>La relaci\u00f3n con el usuario y cualquier controversia derivada del uso del site se regir\u00e1 y someter\u00e1 a las leyes de Espa\u00f1a.<\/p>\n\n\n\n<p><\/p>","protected":false},"excerpt":{"rendered":"<p>La presente Pol\u00edtica de Privacidad tiene el objetivo de dar a conocer el modo en que se recaban, tratan y protegen los datos de car\u00e1cter personal que pudieran proporcionarse por los usuarios de este sitio web. Uso y tratamiento de los datos de car\u00e1cter personal SC GARDEN PROJECTS recopila y trata datos personales de los [&hellip;]<\/p>","protected":false},"author":1,"featured_media":0,"parent":0,"menu_order":0,"comment_status":"closed","ping_status":"closed","template":"","meta":{"_uag_custom_page_level_css":"","_swt_meta_header_display":false,"_swt_meta_footer_display":false,"_swt_meta_site_title_display":false,"_swt_meta_sticky_header":false,"_swt_meta_transparent_header":false,"footnotes":""},"class_list":["post-949","page","type-page","status-publish","hentry"],"yoast_head":"<!-- This site is optimized with the Yoast SEO plugin v24.3 - https:\/\/yoast.com\/wordpress\/plugins\/seo\/ -->\n<title>Pol\u00edtica de privacidad - SC GARDEN PROJECTS<\/title>\n<meta name=\"description\" content=\"La presente Pol\u00edtica de Privacidad tiene el objetivo de dar a conocer el modo en que se recaban, tratan y protegen los datos\" \/>\n<meta name=\"robots\" content=\"index, follow, max-snippet:-1, max-image-preview:large, max-video-preview:-1\" \/>\n<link rel=\"canonical\" href=\"https:\/\/scgardenprojects.es\/en\/politica-de-privacidad\/\" \/>\n<meta property=\"og:locale\" content=\"en_GB\" \/>\n<meta property=\"og:type\" content=\"article\" \/>\n<meta property=\"og:title\" content=\"Pol\u00edtica de privacidad - SC GARDEN PROJECTS\" \/>\n<meta property=\"og:description\" content=\"La presente Pol\u00edtica de Privacidad tiene el objetivo de dar a conocer el modo en que se recaban, tratan y protegen los datos\" \/>\n<meta property=\"og:url\" content=\"https:\/\/scgardenprojects.es\/en\/politica-de-privacidad\/\" \/>\n<meta property=\"og:site_name\" content=\"SC GARDEN PROJECTS\" \/>\n<meta property=\"article:modified_time\" content=\"2025-02-19T08:53:24+00:00\" \/>\n<meta name=\"twitter:card\" content=\"summary_large_image\" \/>\n<meta name=\"twitter:label1\" content=\"Est. reading time\" \/>\n\t<meta name=\"twitter:data1\" content=\"2 minutes\" \/>\n<script type=\"application\/ld+json\" class=\"yoast-schema-graph\">{\"@context\":\"https:\/\/schema.org\",\"@graph\":[{\"@type\":\"WebPage\",\"@id\":\"https:\/\/scgardenprojects.es\/politica-de-privacidad\/\",\"url\":\"https:\/\/scgardenprojects.es\/politica-de-privacidad\/\",\"name\":\"Pol\u00edtica de privacidad - SC GARDEN PROJECTS\",\"isPartOf\":{\"@id\":\"https:\/\/scgardenprojects.es\/#website\"},\"datePublished\":\"2025-01-31T09:12:57+00:00\",\"dateModified\":\"2025-02-19T08:53:24+00:00\",\"description\":\"La presente Pol\u00edtica de Privacidad tiene el objetivo de dar a conocer el modo en que se recaban, tratan y protegen los datos\",\"breadcrumb\":{\"@id\":\"https:\/\/scgardenprojects.es\/politica-de-privacidad\/#breadcrumb\"},\"inLanguage\":\"en-GB\",\"potentialAction\":[{\"@type\":\"ReadAction\",\"target\":[\"https:\/\/scgardenprojects.es\/politica-de-privacidad\/\"]}]},{\"@type\":\"BreadcrumbList\",\"@id\":\"https:\/\/scgardenprojects.es\/politica-de-privacidad\/#breadcrumb\",\"itemListElement\":[{\"@type\":\"ListItem\",\"position\":1,\"name\":\"Portada\",\"item\":\"https:\/\/scgardenprojects.es\/\"},{\"@type\":\"ListItem\",\"position\":2,\"name\":\"Pol\u00edtica de privacidad\"}]},{\"@type\":\"WebSite\",\"@id\":\"https:\/\/scgardenprojects.es\/#website\",\"url\":\"https:\/\/scgardenprojects.es\/\",\"name\":\"SC GARDEN PROJECTS\",\"description\":\"Dise\u00f1o y construcci\u00f3n de jardines exclusivos, fusionando experiencia, creatividad y sostenibilidad mediterr\u00e1nea.\",\"publisher\":{\"@id\":\"https:\/\/scgardenprojects.es\/#organization\"},\"potentialAction\":[{\"@type\":\"SearchAction\",\"target\":{\"@type\":\"EntryPoint\",\"urlTemplate\":\"https:\/\/scgardenprojects.es\/?s={search_term_string}\"},\"query-input\":{\"@type\":\"PropertyValueSpecification\",\"valueRequired\":true,\"valueName\":\"search_term_string\"}}],\"inLanguage\":\"en-GB\"},{\"@type\":\"Organization\",\"@id\":\"https:\/\/scgardenprojects.es\/#organization\",\"name\":\"SC GARDEN PROJECTS\",\"url\":\"https:\/\/scgardenprojects.es\/\",\"logo\":{\"@type\":\"ImageObject\",\"inLanguage\":\"en-GB\",\"@id\":\"https:\/\/scgardenprojects.es\/#\/schema\/logo\/image\/\",\"url\":\"https:\/\/scgardenprojects.es\/wp-content\/uploads\/2025\/01\/logo-scgarden.png\",\"contentUrl\":\"https:\/\/scgardenprojects.es\/wp-content\/uploads\/2025\/01\/logo-scgarden.png\",\"width\":1715,\"height\":648,\"caption\":\"SC GARDEN PROJECTS\"},\"image\":{\"@id\":\"https:\/\/scgardenprojects.es\/#\/schema\/logo\/image\/\"}}]}<\/script>\n<!-- \/ Yoast SEO plugin. -->","yoast_head_json":{"title":"Pol\u00edtica de privacidad - SC GARDEN PROJECTS","description":"La presente Pol\u00edtica de Privacidad tiene el objetivo de dar a conocer el modo en que se recaban, tratan y protegen los datos","robots":{"index":"index","follow":"follow","max-snippet":"max-snippet:-1","max-image-preview":"max-image-preview:large","max-video-preview":"max-video-preview:-1"},"canonical":"https:\/\/scgardenprojects.es\/en\/politica-de-privacidad\/","og_locale":"en_GB","og_type":"article","og_title":"Pol\u00edtica de privacidad - SC GARDEN PROJECTS","og_description":"La presente Pol\u00edtica de Privacidad tiene el objetivo de dar a conocer el modo en que se recaban, tratan y protegen los datos","og_url":"https:\/\/scgardenprojects.es\/en\/politica-de-privacidad\/","og_site_name":"SC GARDEN PROJECTS","article_modified_time":"2025-02-19T08:53:24+00:00","twitter_card":"summary_large_image","twitter_misc":{"Est. reading time":"2 minutes"},"schema":{"@context":"https:\/\/schema.org","@graph":[{"@type":"WebPage","@id":"https:\/\/scgardenprojects.es\/politica-de-privacidad\/","url":"https:\/\/scgardenprojects.es\/politica-de-privacidad\/","name":"Pol\u00edtica de privacidad - SC GARDEN PROJECTS","isPartOf":{"@id":"https:\/\/scgardenprojects.es\/#website"},"datePublished":"2025-01-31T09:12:57+00:00","dateModified":"2025-02-19T08:53:24+00:00","description":"La presente Pol\u00edtica de Privacidad tiene el objetivo de dar a conocer el modo en que se recaban, tratan y protegen los datos","breadcrumb":{"@id":"https:\/\/scgardenprojects.es\/politica-de-privacidad\/#breadcrumb"},"inLanguage":"en-GB","potentialAction":[{"@type":"ReadAction","target":["https:\/\/scgardenprojects.es\/politica-de-privacidad\/"]}]},{"@type":"BreadcrumbList","@id":"https:\/\/scgardenprojects.es\/politica-de-privacidad\/#breadcrumb","itemListElement":[{"@type":"ListItem","position":1,"name":"Portada","item":"https:\/\/scgardenprojects.es\/"},{"@type":"ListItem","position":2,"name":"Pol\u00edtica de privacidad"}]},{"@type":"WebSite","@id":"https:\/\/scgardenprojects.es\/#website","url":"https:\/\/scgardenprojects.es\/","name":"SC GARDEN PROJECTS","description":"Dise\u00f1o y construcci\u00f3n de jardines exclusivos, fusionando experiencia, creatividad y sostenibilidad mediterr\u00e1nea.","publisher":{"@id":"https:\/\/scgardenprojects.es\/#organization"},"potentialAction":[{"@type":"SearchAction","target":{"@type":"EntryPoint","urlTemplate":"https:\/\/scgardenprojects.es\/?s={search_term_string}"},"query-input":{"@type":"PropertyValueSpecification","valueRequired":true,"valueName":"search_term_string"}}],"inLanguage":"en-GB"},{"@type":"Organization","@id":"https:\/\/scgardenprojects.es\/#organization","name":"SC GARDEN PROJECTS","url":"https:\/\/scgardenprojects.es\/","logo":{"@type":"ImageObject","inLanguage":"en-GB","@id":"https:\/\/scgardenprojects.es\/#\/schema\/logo\/image\/","url":"https:\/\/scgardenprojects.es\/wp-content\/uploads\/2025\/01\/logo-scgarden.png","contentUrl":"https:\/\/scgardenprojects.es\/wp-content\/uploads\/2025\/01\/logo-scgarden.png","width":1715,"height":648,"caption":"SC GARDEN PROJECTS"},"image":{"@id":"https:\/\/scgardenprojects.es\/#\/schema\/logo\/image\/"}}]}},"uagb_featured_image_src":{"full":false,"thumbnail":false,"medium":false,"medium_large":false,"large":false,"1536x1536":false,"2048x2048":false,"trp-custom-language-flag":false},"uagb_author_info":{"display_name":"scgarden","author_link":"https:\/\/scgardenprojects.es\/en\/author\/scgarden\/"},"uagb_comment_info":0,"uagb_excerpt":"La presente Pol\u00edtica de Privacidad tiene el objetivo de dar a conocer el modo en que se recaban, tratan y protegen los datos de car\u00e1cter personal que pudieran proporcionarse por los usuarios de este sitio web. Uso y tratamiento de los datos de car\u00e1cter personal SC GARDEN PROJECTS recopila y trata datos personales de los&hellip;","_links":{"self":[{"href":"https:\/\/scgardenprojects.es\/en\/wp-json\/wp\/v2\/pages\/949","targetHints":{"allow":["GET"]}}],"collection":[{"href":"https:\/\/scgardenprojects.es\/en\/wp-json\/wp\/v2\/pages"}],"about":[{"href":"https:\/\/scgardenprojects.es\/en\/wp-json\/wp\/v2\/types\/page"}],"author":[{"embeddable":true,"href":"https:\/\/scgardenprojects.es\/en\/wp-json\/wp\/v2\/users\/1"}],"replies":[{"embeddable":true,"href":"https:\/\/scgardenprojects.es\/en\/wp-json\/wp\/v2\/comments?post=949"}],"version-history":[{"count":5,"href":"https:\/\/scgardenprojects.es\/en\/wp-json\/wp\/v2\/pages\/949\/revisions"}],"predecessor-version":[{"id":1638,"href":"https:\/\/scgardenprojects.es\/en\/wp-json\/wp\/v2\/pages\/949\/revisions\/1638"}],"wp:attachment":[{"href":"https:\/\/scgardenprojects.es\/en\/wp-json\/wp\/v2\/media?parent=949"}],"curies":[{"name":"wp","href":"https:\/\/api.w.org\/{rel}","templated":true}]}}